{"id":42,"date":"2024-04-17T13:03:43","date_gmt":"2024-04-17T11:03:43","guid":{"rendered":"https:\/\/vannescyclorandonneurs.fr\/?page_id=42"},"modified":"2026-02-23T18:31:52","modified_gmt":"2026-02-23T17:31:52","slug":"club","status":"publish","type":"page","link":"https:\/\/vannescyclorandonneurs.fr\/index.php\/club\/","title":{"rendered":"Club"},"content":{"rendered":"\n<div class=\"wp-block-group\"><div class=\"wp-block-group__inner-container is-layout-constrained wp-block-group-is-layout-constrained\">\n<p>Cr\u00e9e en 1978 le VCR est une association affili\u00e9 \u00e0 la FFV\u00e9lo avec pour vocation la randonn\u00e9e sous toutes ses formes.<\/p>\n\n\n\n<p>Le Club comporte environ 90 membres \u00e9voluant dans 4 groupes de niveaux<\/p>\n<\/div><\/div>\n\n\n\n<div class=\"wp-block-group\"><div class=\"wp-block-group__inner-container is-layout-constrained wp-block-group-is-layout-constrained\">\n<p><strong>1er groupe :<\/strong> Grand circuit \u00e0 allure soutenue (22 \u00e0 25km\/h de moyenne)<br><strong>2\u00e8me groupe :<\/strong> Grand circuit \u00e0 bonne allure (21 \u00e0 23km\/h de moyenne)<br><strong>3\u00e8me groupe :<\/strong> Grand circuit \u00e0 allure moyenne (19 \u00e0 22km\/h de moyenne)<br><strong>4\u00e8me groupe :<\/strong> Petit circuit \u00e0 allure mod\u00e9r\u00e9e (18 \u00e0 21km\/h de moyenne)<\/p>\n\n\n\n<ul class=\"wp-block-list\">\n<li>Les groupes partent les uns apr\u00e8s les autres espac\u00e9s de deux minutes environ. Le lieu propos\u00e9 pour faire la pause est en caract\u00e8res gras dans le livret des circuits<\/li>\n\n\n\n<li>Suivant son envie et son entra\u00eenement, chacun peut librement choisir d&rsquo;int\u00e9grer l&rsquo;un ou l&rsquo;autre des groupes.<\/li>\n<\/ul>\n\n\n\n<p><\/p>\n<\/div><\/div>\n\n\n\n<div class=\"wp-block-group\"><div class=\"wp-block-group__inner-container is-layout-constrained wp-block-group-is-layout-constrained\">\n<ul class=\"wp-block-list\">\n<li><strong>Sorties du dimanche et jours f\u00e9ri\u00e9s, d\u00e9part 25 rue des Grandes Murailles \u00e0 :<\/strong><\/li>\n\n\n\n<li><strong>9h00<\/strong> de mi-novembre \u00e0 fin f\u00e9vrier.<\/li>\n\n\n\n<li><strong>8h45<\/strong> de mi-octobre \u00e0 mi-novembre.<\/li>\n\n\n\n<li><strong>8h30<\/strong> en mars et avril.<\/li>\n\n\n\n<li><strong>8h00<\/strong> de mai \u00e0 ao\u00fbt sauf <strong>Groupe 4 \u00e0 8h30<\/strong>.<\/li>\n<\/ul>\n<\/div><\/div>\n\n\n\n<p><\/p>\n\n\n\n<div class=\"wp-block-group\"><div class=\"wp-block-group__inner-container is-layout-constrained wp-block-group-is-layout-constrained\">\n<ul class=\"wp-block-list\">\n<li><strong>Sorties du jeudi (sauf jours f\u00e9ri\u00e9s),<\/strong> <strong>d\u00e9part 25 rue des Grandes Murailles <\/strong><strong>:<\/strong><\/li>\n\n\n\n<li><strong>Groupes 1,2,3<\/strong>,<strong>4<\/strong><\/li>\n\n\n\n<li><strong><strong>13h45<\/strong><\/strong> sauf juillet et ao\u00fbt<\/li>\n\n\n\n<li><strong>8H00 <\/strong>en juillet et ao\u00fbt sauf <strong>Groupe 4 \u00e0 8H30<\/strong>.<\/li>\n<\/ul>\n<\/div><\/div>\n\n\n\n<p><\/p>\n","protected":false},"excerpt":{"rendered":"<p>Cr\u00e9e en 1978 le VCR est une association affili\u00e9 \u00e0 la FFV\u00e9lo avec pour vocation la randonn\u00e9e sous toutes ses formes. Le Club comporte environ 90 membres \u00e9voluant dans 4 groupes de niveaux 1er groupe : Grand circuit \u00e0 allure soutenue (22 \u00e0 25km\/h de moyenne)2\u00e8me groupe : Grand circuit \u00e0 bonne allure (21 \u00e0 &hellip; <\/p>\n<p class=\"link-more\"><a href=\"https:\/\/vannescyclorandonneurs.fr\/index.php\/club\/\" class=\"more-link\">Continuer la lecture<span class=\"screen-reader-text\"> de &laquo;&nbsp;Club&nbsp;&raquo;<\/span><\/a><\/p>\n","protected":false},"author":1,"featured_media":0,"parent":0,"menu_order":2,"comment_status":"closed","ping_status":"closed","template":"","meta":{"_acf_changed":false,"footnotes":""},"class_list":["post-42","page","type-page","status-publish","hentry"],"acf":[],"_links":{"self":[{"href":"https:\/\/vannescyclorandonneurs.fr\/index.php\/wp-json\/wp\/v2\/pages\/42","targetHints":{"allow":["GET"]}}],"collection":[{"href":"https:\/\/vannescyclorandonneurs.fr\/index.php\/wp-json\/wp\/v2\/pages"}],"about":[{"href":"https:\/\/vannescyclorandonneurs.fr\/index.php\/wp-json\/wp\/v2\/types\/page"}],"author":[{"embeddable":true,"href":"https:\/\/vannescyclorandonneurs.fr\/index.php\/wp-json\/wp\/v2\/users\/1"}],"replies":[{"embeddable":true,"href":"https:\/\/vannescyclorandonneurs.fr\/index.php\/wp-json\/wp\/v2\/comments?post=42"}],"version-history":[{"count":16,"href":"https:\/\/vannescyclorandonneurs.fr\/index.php\/wp-json\/wp\/v2\/pages\/42\/revisions"}],"predecessor-version":[{"id":1058,"href":"https:\/\/vannescyclorandonneurs.fr\/index.php\/wp-json\/wp\/v2\/pages\/42\/revisions\/1058"}],"wp:attachment":[{"href":"https:\/\/vannescyclorandonneurs.fr\/index.php\/wp-json\/wp\/v2\/media?parent=42"}],"curies":[{"name":"wp","href":"https:\/\/api.w.org\/{rel}","templated":true}]}}